{"id":11061,"date":"2025-09-27T00:29:14","date_gmt":"2025-09-26T22:29:14","guid":{"rendered":"https:\/\/www.bowbridge.net\/?page_id=11061"},"modified":"2025-09-30T00:12:09","modified_gmt":"2025-09-29T22:12:09","slug":"administrative-assistant","status":"publish","type":"page","link":"https:\/\/www.bowbridge.net\/en\/administrative-assistant\/","title":{"rendered":"Administrative Assistant"},"content":{"rendered":"<div class=\"wpb-content-wrapper\"><p>[vc_row][vc_column width=&#8221;2\/3&#8243;][vc_empty_space][vc_column_text css=&#8221;&#8221;]<\/p>\n<h4 style=\"text-align: center;\"><span style=\"color: #ff0000;\"><strong>Administrative Assistant<br \/>\n<\/strong><\/span><span style=\"color: #ff0000;\"><strong>(m\/f\/d) <\/strong><\/span><\/h4>\n<p><strong>Standort:<\/strong> M\u00fcnchen (on-site)<\/p>\n<p><strong>Umfang:<\/strong> Teilzeit oder Vollzeit<\/p>\n<p>&nbsp;<\/p>\n<p><span style=\"color: #006eaa;\"><strong>\u00dcber uns:<\/strong><\/span><\/p>\n<p>Wir sind ein wachsendes Software-Unternehmen im Bereich <strong>Cyber-Security<\/strong>. Um unser Team in M\u00fcnchen zu verst\u00e4rken, suchen wir eine zuverl\u00e4ssige <strong>B\u00fcrokraft (m\/w\/d)<\/strong>, die unsere Administration unterst\u00fctzt und unsere Business Operations effizient mitgestaltet.<\/p>\n<p>&nbsp;<\/p>\n<p><span style=\"color: #006eaa;\"><strong>Ihre Aufgaben:<\/strong><\/span><\/p>\n<ul>\n<li>Unterst\u00fctzung bei allgemeinen <strong>Business Operations<\/strong><\/li>\n<li>Erstellung und Nachverfolgung von <strong>Angeboten<\/strong> und <strong>Rechnungen<\/strong>.<\/li>\n<li>Unterst\u00fctzung im administrativen Tagesgesch\u00e4ft (Korrespondenz, Organisation, Dokumentation).<\/li>\n<li>Unterst\u00fctzung im Bereich Vertrieb und Marketing.<\/li>\n<li>Pflege von Stammdaten und Unterst\u00fctzung beim Reporting.<\/li>\n<li>Schnittstelle zu internen Teams und externen Partnern.<\/li>\n<\/ul>\n<p>&nbsp;<\/p>\n<p><span style=\"color: #006eaa;\"><strong>Ihr Profil:<\/strong><\/span><\/p>\n<ul>\n<li>Abgeschlossene kaufm\u00e4nnisch\/organisatorische Ausbildung oder vergleichbare Qualifikation.<\/li>\n<li>Erste Berufserfahrung in der Administration, im Office Management oder in einer vergleichbaren Position.<\/li>\n<li>Sicherer Umgang mit MS Office, idealerweise auch Erfahrung mit ERP- oder CRM-Systemen.<\/li>\n<li>Strukturierte, gewissenhafte und selbstst\u00e4ndige Arbeitsweise.<\/li>\n<li>Kommunikationsst\u00e4rke, Teamf\u00e4higkeit und Organisationstalent.<\/li>\n<li>Gute Englischkenntnisse (verhandlungssicher)<\/li>\n<\/ul>\n<p>&nbsp;<\/p>\n<p><span style=\"color: #006eaa;\"><strong>Wir bieten:<\/strong><\/span><\/p>\n<ul>\n<li>Einen sicheren Arbeitsplatz in einem zukunftsorientierten Unternehmen.<\/li>\n<li>Flexible Arbeitszeitmodelle (Teilzeit oder Vollzeit m\u00f6glich).<\/li>\n<li>Moderne Arbeitsumgebung im Herzen von M\u00fcnchen.<\/li>\n<li>Ein kollegiales, unterst\u00fctzendes Team.<\/li>\n<li>Kurze Entscheidungswege und die M\u00f6glichkeit, Verantwortung zu \u00fcbernehmen.<\/li>\n<\/ul>\n<p>&nbsp;<\/p>\n<p><span style=\"color: #006eaa;\"><strong>Interessiert?<\/strong><\/span><\/p>\n<p>Dann freuen wir uns auf ihre Bewerbung an\u00a0<a href=\"mailto:careers@bowbridge.net\"> careers@bowbridge.net<\/a>[\/vc_column_text][vc_empty_space height=&#8221;75px&#8221;][\/vc_column][vc_column width=&#8221;1\/3&#8243;]<div class=\"qodef-elements-holder qodef-responsive-mode-768\" style=\"background-color:#f4f4f4;\"><div class=\"qodef-elements-holder-item qodef-vertical-alignment-middle qodef-horizontal-alignment-left\" >\r\n\t<div class=\"qodef-elements-holder-item-inner\">\r\n\t\t<div class=\"qodef-elements-holder-item-content qodef-elements-holder-custom-506355\" style=\"padding: 30px\">\r\n\t\t\t\t\t\t[vc_column_text css=&#8221;&#8221;]Please send your CV and cover letter to\u00a0 <a href=\"mailto:careers@bowbridge.net\">careers@bowbridge.net<\/a> or by mail to:<\/p>\n<p>bowbridge Software GmbH<br \/>\nGerner Str. 33<br \/>\n80638 Munich<br \/>\nGERMANY[\/vc_column_text]\t\t<\/div>\r\n\t<\/div>\r\n<\/div><\/div>[vc_column_text][\/vc_column_text][\/vc_column][\/vc_row]<\/p>\n<\/div>","protected":false},"excerpt":{"rendered":"<p>[vc_row][vc_column width=&#8221;2\/3&#8243;][vc_empty_space][vc_column_text css=&#8221;&#8221;] Administrative Assistant (m\/f\/d) Standort: M\u00fcnchen (on-site) Umfang: Teilzeit oder Vollzeit &nbsp; \u00dcber uns: Wir sind ein wachsendes Software-Unternehmen&#8230;<\/p>\n","protected":false},"author":2,"featured_media":0,"parent":0,"menu_order":0,"comment_status":"closed","ping_status":"closed","template":"","meta":{"content-type":"","footnotes":""},"class_list":["post-11061","page","type-page","status-publish","hentry"],"_links":{"self":[{"href":"https:\/\/www.bowbridge.net\/en\/wp-json\/wp\/v2\/pages\/11061","targetHints":{"allow":["GET"]}}],"collection":[{"href":"https:\/\/www.bowbridge.net\/en\/wp-json\/wp\/v2\/pages"}],"about":[{"href":"https:\/\/www.bowbridge.net\/en\/wp-json\/wp\/v2\/types\/page"}],"author":[{"embeddable":true,"href":"https:\/\/www.bowbridge.net\/en\/wp-json\/wp\/v2\/users\/2"}],"replies":[{"embeddable":true,"href":"https:\/\/www.bowbridge.net\/en\/wp-json\/wp\/v2\/comments?post=11061"}],"version-history":[{"count":3,"href":"https:\/\/www.bowbridge.net\/en\/wp-json\/wp\/v2\/pages\/11061\/revisions"}],"predecessor-version":[{"id":11082,"href":"https:\/\/www.bowbridge.net\/en\/wp-json\/wp\/v2\/pages\/11061\/revisions\/11082"}],"wp:attachment":[{"href":"https:\/\/www.bowbridge.net\/en\/wp-json\/wp\/v2\/media?parent=11061"}],"curies":[{"name":"wp","href":"https:\/\/api.w.org\/{rel}","templated":true}]}}