{"id":11067,"date":"2025-09-27T00:47:24","date_gmt":"2025-09-26T22:47:24","guid":{"rendered":"https:\/\/www.bowbridge.net\/?page_id=11067"},"modified":"2025-09-30T00:25:12","modified_gmt":"2025-09-29T22:25:12","slug":"marketing-manager-m-w-d-teilzeit-oder-vollzeit","status":"publish","type":"page","link":"https:\/\/www.bowbridge.net\/en\/marketing-manager-m-w-d-teilzeit-oder-vollzeit\/","title":{"rendered":"Marketing Manager (m\/w\/d) \u2013 Teilzeit oder Vollzeit"},"content":{"rendered":"<div class=\"wpb-content-wrapper\"><p>[vc_row][vc_column width=&#8221;2\/3&#8243;][vc_empty_space][vc_column_text css=&#8221;&#8221;]<\/p>\n<h4 style=\"text-align: center;\"><span style=\"color: #ff0000;\"><strong>Marketing Manager (m\/f\/d)<br \/>\n<\/strong><\/span>Teilzeit oder Vollzeit<\/h4>\n<p><strong>Standort:<\/strong> M\u00fcnchen (on-site)<\/p>\n<p><strong>Umfang:<\/strong> Teilzeit oder Vollzeit<\/p>\n<p>&nbsp;<\/p>\n<p><span style=\"color: #006eaa;\"><strong>\u00dcber uns:<\/strong><\/span><\/p>\n<p class=\"p1\">Wir sind ein innovatives Software-Unternehmen, das im B2B-Bereich t\u00e4tig ist und mit Leidenschaft daran arbeitet, unseren Kunden exzellente L\u00f6sungen zu bieten. Zur Verst\u00e4rkung unseres Teams suchen wir eine engagierte Marketing-Pers\u00f6nlichkeit, die unsere Pr\u00e4senz nach au\u00dfen st\u00e4rkt und unsere Marketingaktivit\u00e4ten koordiniert.<\/p>\n<p>&nbsp;<\/p>\n<p><span style=\"color: #006eaa;\"><strong>Ihre Aufgaben:<\/strong><\/span><\/p>\n<ul>\n<li>\n<p class=\"p1\"><span class=\"s1\"><b>Event-Organisation:<\/b><\/span> Planung, Organisation und Durchf\u00fchrung von Live-Events und Online-Events (Webinare, Konferenzen, Kundenevents).<\/p>\n<\/li>\n<li>\n<p class=\"p1\"><span class=\"s1\"><b>Content Management:<\/b><\/span> Pflege und Weiterentwicklung unserer Web-Inhalte.<\/p>\n<\/li>\n<li>\n<p class=\"p1\"><span class=\"s1\"><b>Marketing-Automatisierung:<\/b><\/span> Betreuung und Optimierung unserer HubSpot-Plattform.<\/p>\n<\/li>\n<li>\n<p class=\"p1\"><span class=\"s1\"><b>Social Media Management:<\/b><\/span> Betreuung, Analyse und Weiterentwicklung unserer B2B-Social-Media-Kan\u00e4le (z. B. LinkedIn, XING, YouTube).<\/p>\n<\/li>\n<li>\n<p class=\"p1\"><span class=\"s1\"><b>Zusammenarbeit mit Externen:<\/b><\/span> Steuerung von Freelancern und Agenturen im Marketingumfeld.<\/p>\n<\/li>\n<\/ul>\n<p>&nbsp;<\/p>\n<p><span style=\"color: #006eaa;\"><strong>Ihr Profil:<\/strong><\/span><\/p>\n<ul>\n<li>\n<p class=\"p1\">Abgeschlossene Ausbildung oder Studium im Bereich Marketing, Kommunikation oder vergleichbar.<\/p>\n<\/li>\n<li>\n<p class=\"p1\">Mehrj\u00e4hrige Berufserfahrung im <span class=\"s1\"><b>B2B-Marketing<\/b><\/span>, idealerweise in der <span class=\"s1\"><b>Software-Industrie<\/b><\/span>.<\/p>\n<\/li>\n<li>\n<p class=\"p1\">Sehr gute Englischkenntnisse in Wort und Schrift (verhandlungssicher).<\/p>\n<\/li>\n<li>\n<p class=\"p1\">Erfahrung im Umgang mit Marketing-Automatisierungsplattformen (HubSpot von Vorteil).<\/p>\n<\/li>\n<li>\n<p class=\"p1\">Sicher im Umgang mit externen Dienstleistern (Agenturen, Freelancer).<\/p>\n<\/li>\n<li>\n<p class=\"p1\">Kreativit\u00e4t, Organisationstalent und eine strukturierte, selbstst\u00e4ndige Arbeitsweise.<\/p>\n<\/li>\n<\/ul>\n<p>&nbsp;<\/p>\n<p><span style=\"color: #006eaa;\"><strong>Wir bieten:<\/strong><\/span><\/p>\n<ul>\n<li>\n<p class=\"p1\">Flexible Gestaltung: Teilzeit (ca. 20 Std.\/Woche) oder Vollzeit m\u00f6glich.<\/p>\n<\/li>\n<li>\n<p class=\"p1\">Moderne Arbeitsumgebung an unserem Standort in M\u00fcnchen.<\/p>\n<\/li>\n<li>\n<p class=\"p1\">Abwechslungsreiche Aufgaben mit viel Gestaltungsspielraum.<\/p>\n<\/li>\n<li>\n<p class=\"p1\">Ein kleines, dynamisches Team mit kurzen Entscheidungswegen.<\/p>\n<\/li>\n<\/ul>\n<p>&nbsp;<\/p>\n<p><span style=\"color: #006eaa;\"><strong>Interessiert?<\/strong><\/span><\/p>\n<p>Dann freuen wir uns auf ihre Bewerbung an\u00a0<a href=\"mailto:careers@bowbridge.net\"> careers@bowbridge.net<\/a>[\/vc_column_text][vc_empty_space height=&#8221;75px&#8221;][\/vc_column][vc_column width=&#8221;1\/3&#8243;]<div class=\"qodef-elements-holder qodef-responsive-mode-768\" style=\"background-color:#f4f4f4;\"><div class=\"qodef-elements-holder-item qodef-vertical-alignment-middle qodef-horizontal-alignment-left\" >\r\n\t<div class=\"qodef-elements-holder-item-inner\">\r\n\t\t<div class=\"qodef-elements-holder-item-content qodef-elements-holder-custom-882587\" style=\"padding: 30px\">\r\n\t\t\t\t\t\t[vc_column_text css=&#8221;&#8221;]Please send your CV and cover letter to\u00a0 <a href=\"mailto:careers@bowbridge.net\">careers@bowbridge.net<\/a> or by mail to:<\/p>\n<p>bowbridge Software GmbH<br \/>\nGerner Str. 33<br \/>\n80638 Munich<br \/>\nGERMANY[\/vc_column_text]\t\t<\/div>\r\n\t<\/div>\r\n<\/div><\/div>[vc_column_text][\/vc_column_text][\/vc_column][\/vc_row]<\/p>\n<\/div>","protected":false},"excerpt":{"rendered":"<p>[vc_row][vc_column width=&#8221;2\/3&#8243;][vc_empty_space][vc_column_text css=&#8221;&#8221;] Marketing Manager (m\/f\/d) Teilzeit oder Vollzeit Standort: M\u00fcnchen (on-site) Umfang: Teilzeit oder Vollzeit &nbsp; \u00dcber uns: Wir sind&#8230;<\/p>\n","protected":false},"author":2,"featured_media":0,"parent":0,"menu_order":0,"comment_status":"closed","ping_status":"closed","template":"","meta":{"content-type":"","footnotes":""},"class_list":["post-11067","page","type-page","status-publish","hentry"],"_links":{"self":[{"href":"https:\/\/www.bowbridge.net\/en\/wp-json\/wp\/v2\/pages\/11067","targetHints":{"allow":["GET"]}}],"collection":[{"href":"https:\/\/www.bowbridge.net\/en\/wp-json\/wp\/v2\/pages"}],"about":[{"href":"https:\/\/www.bowbridge.net\/en\/wp-json\/wp\/v2\/types\/page"}],"author":[{"embeddable":true,"href":"https:\/\/www.bowbridge.net\/en\/wp-json\/wp\/v2\/users\/2"}],"replies":[{"embeddable":true,"href":"https:\/\/www.bowbridge.net\/en\/wp-json\/wp\/v2\/comments?post=11067"}],"version-history":[{"count":3,"href":"https:\/\/www.bowbridge.net\/en\/wp-json\/wp\/v2\/pages\/11067\/revisions"}],"predecessor-version":[{"id":11083,"href":"https:\/\/www.bowbridge.net\/en\/wp-json\/wp\/v2\/pages\/11067\/revisions\/11083"}],"wp:attachment":[{"href":"https:\/\/www.bowbridge.net\/en\/wp-json\/wp\/v2\/media?parent=11067"}],"curies":[{"name":"wp","href":"https:\/\/api.w.org\/{rel}","templated":true}]}}