{"id":11073,"date":"2025-09-27T01:00:57","date_gmt":"2025-09-26T23:00:57","guid":{"rendered":"https:\/\/www.bowbridge.net\/?page_id=11073"},"modified":"2025-09-30T00:11:38","modified_gmt":"2025-09-29T22:11:38","slug":"account-manager-m-w-d-b2b-cyber-security","status":"publish","type":"page","link":"https:\/\/www.bowbridge.net\/en\/account-manager-m-w-d-b2b-cyber-security\/","title":{"rendered":"Account Manager (m\/w\/d) \u2013 B2B Cyber-Security"},"content":{"rendered":"<div class=\"wpb-content-wrapper\"><p>[vc_row][vc_column width=&#8221;2\/3&#8243;][vc_empty_space][vc_column_text css=&#8221;&#8221;]<\/p>\n<h4 style=\"text-align: center;\"><span style=\"color: #ff0000;\"><strong>Account Manager (m\/w\/d) &#8211; B2B Cyber-Security<\/strong><\/span><\/h4>\n<p><strong>Standort:<\/strong> M\u00fcnchen (on-site)<\/p>\n<p><strong>Umfang:<\/strong> Vollzeit<\/p>\n<p>&nbsp;<\/p>\n<p><span style=\"color: #006eaa;\"><strong>\u00dcber uns:<\/strong><\/span><\/p>\n<p class=\"p1\">Wir sind ein innovatives Software-Unternehmen im Bereich <span class=\"s1\"><b>Cyber-Security<\/b><\/span>, das weltweit Kunden dabei unterst\u00fctzt, ihre digitalen Gesch\u00e4ftsprozesse sicher und effizient zu gestalten. F\u00fcr die Betreuung unserer internationalen Kunden suchen wir eine\/n erfahrene\/n <span class=\"s1\"><b>Account Manager\/in<\/b><\/span>, der\/die mit Leidenschaft und Kompetenz langfristige Kundenbeziehungen im B2B-Umfeld aufbaut und pflegt.<\/p>\n<p>&nbsp;<\/p>\n<p><span style=\"color: #006eaa;\"><strong>Ihre Aufgaben:<\/strong><\/span><\/p>\n<ul>\n<li>\n<p class=\"p1\">Betreuung und Weiterentwicklung gro\u00dfer, internationaler Key Accounts.<\/p>\n<\/li>\n<li>\n<p class=\"p1\">Strategischer und operativer Vertrieb von erkl\u00e4rungsbed\u00fcrftigen Cyber-Security-L\u00f6sungen im B2B-Segment.<\/p>\n<\/li>\n<li>\n<p class=\"p1\">Aufbau langfristiger Kundenbeziehungen und Identifikation neuer Gesch\u00e4ftsm\u00f6glichkeiten.<\/p>\n<\/li>\n<li>\n<p class=\"p1\">Enge Zusammenarbeit mit Pre-Sales, Marketing und Produktmanagement.<\/p>\n<\/li>\n<li>\n<p class=\"p1\">Steuerung und Koordination von Projekten mit global agierenden Kunden.<\/p>\n<\/li>\n<li>\n<p class=\"p1\">Teilnahme an internationalen Messen, Konferenzen und Kundenveranstaltungen.<\/p>\n<\/li>\n<\/ul>\n<p>&nbsp;<\/p>\n<p><span style=\"color: #006eaa;\"><strong>Ihr Profil:<\/strong><\/span><\/p>\n<ul>\n<li>\n<p class=\"p1\">Mehrj\u00e4hrige Erfahrung im <span class=\"s1\"><b>Account Management<\/b><\/span> oder <span class=\"s1\"><b>B2B-Vertrieb<\/b><\/span>, idealerweise im Bereich Software oder IT-Security.<\/p>\n<\/li>\n<li>\n<p class=\"p1\">Nachweisbare Erfahrung in der Betreuung von <span class=\"s1\"><b>internationalen Key Accounts<\/b><\/span>.<\/p>\n<\/li>\n<li>\n<p class=\"p1\">Ausgepr\u00e4gtes Verst\u00e4ndnis f\u00fcr erkl\u00e4rungsbed\u00fcrftige Technologien und komplexe Entscheidungsprozesse.<\/p>\n<\/li>\n<li>\n<p class=\"p1\"><b>Verhandlungssichere Englischkenntnisse<\/b><span class=\"s1\">, weitere Sprachen von Vorteil.<\/span><\/p>\n<\/li>\n<li>\n<p class=\"p1\">Starke Kommunikations-, Pr\u00e4sentations- und Abschlussst\u00e4rke.<\/p>\n<\/li>\n<li>\n<p class=\"p1\">Selbstst\u00e4ndige, strukturierte und ergebnisorientierte Arbeitsweise.<\/p>\n<\/li>\n<\/ul>\n<p>&nbsp;<\/p>\n<p><span style=\"color: #006eaa;\"><strong>Wir bieten:<\/strong><\/span><\/p>\n<ul>\n<li>\n<p class=\"p1\">Ein spannendes Umfeld in der wachsenden Cyber-Security-Branche.<\/p>\n<\/li>\n<li>\n<p class=\"p1\">Internationale Kunden und abwechslungsreiche Projekte.<\/p>\n<\/li>\n<li>\n<p class=\"p1\">Moderne Arbeitsumgebung am Standort M\u00fcnchen.<\/p>\n<\/li>\n<li>\n<p class=\"p1\">Ein dynamisches Team mit kurzen Entscheidungswegen und viel Gestaltungsspielraum.<\/p>\n<\/li>\n<li>\n<p class=\"p1\">Attraktives Verg\u00fctungspaket.<\/p>\n<\/li>\n<\/ul>\n<p>&nbsp;<\/p>\n<p><span style=\"color: #006eaa;\"><strong>Interessiert?<\/strong><\/span><\/p>\n<p>Dann freuen wir uns auf ihre Bewerbung an\u00a0<a href=\"mailto:careers@bowbridge.net\"> careers@bowbridge.net<\/a>[\/vc_column_text][vc_empty_space height=&#8221;75px&#8221;][\/vc_column][vc_column width=&#8221;1\/3&#8243;]<div class=\"qodef-elements-holder qodef-responsive-mode-768\" style=\"background-color:#f4f4f4;\"><div class=\"qodef-elements-holder-item qodef-vertical-alignment-middle qodef-horizontal-alignment-left\" >\r\n\t<div class=\"qodef-elements-holder-item-inner\">\r\n\t\t<div class=\"qodef-elements-holder-item-content qodef-elements-holder-custom-856033\" style=\"padding: 30px\">\r\n\t\t\t\t\t\t[vc_column_text css=&#8221;&#8221;]Please send your CV and cover letter to\u00a0 <a href=\"mailto:careers@bowbridge.net\">careers@bowbridge.net<\/a> or by mail to:<\/p>\n<p>bowbridge Software GmbH<br \/>\nGerner Str. 33<br \/>\n80638 Munich<br \/>\nGERMANY[\/vc_column_text]\t\t<\/div>\r\n\t<\/div>\r\n<\/div><\/div>[vc_column_text][\/vc_column_text][\/vc_column][\/vc_row]<\/p>\n<\/div>","protected":false},"excerpt":{"rendered":"<p>[vc_row][vc_column width=&#8221;2\/3&#8243;][vc_empty_space][vc_column_text css=&#8221;&#8221;] Account Manager (m\/w\/d) &#8211; B2B Cyber-Security Standort: M\u00fcnchen (on-site) Umfang: Vollzeit &nbsp; \u00dcber uns: Wir sind ein innovatives&#8230;<\/p>\n","protected":false},"author":2,"featured_media":0,"parent":0,"menu_order":0,"comment_status":"closed","ping_status":"closed","template":"","meta":{"content-type":"","footnotes":""},"class_list":["post-11073","page","type-page","status-publish","hentry"],"_links":{"self":[{"href":"https:\/\/www.bowbridge.net\/en\/wp-json\/wp\/v2\/pages\/11073","targetHints":{"allow":["GET"]}}],"collection":[{"href":"https:\/\/www.bowbridge.net\/en\/wp-json\/wp\/v2\/pages"}],"about":[{"href":"https:\/\/www.bowbridge.net\/en\/wp-json\/wp\/v2\/types\/page"}],"author":[{"embeddable":true,"href":"https:\/\/www.bowbridge.net\/en\/wp-json\/wp\/v2\/users\/2"}],"replies":[{"embeddable":true,"href":"https:\/\/www.bowbridge.net\/en\/wp-json\/wp\/v2\/comments?post=11073"}],"version-history":[{"count":3,"href":"https:\/\/www.bowbridge.net\/en\/wp-json\/wp\/v2\/pages\/11073\/revisions"}],"predecessor-version":[{"id":11081,"href":"https:\/\/www.bowbridge.net\/en\/wp-json\/wp\/v2\/pages\/11073\/revisions\/11081"}],"wp:attachment":[{"href":"https:\/\/www.bowbridge.net\/en\/wp-json\/wp\/v2\/media?parent=11073"}],"curies":[{"name":"wp","href":"https:\/\/api.w.org\/{rel}","templated":true}]}}